{"id":10937,"date":"2025-03-26T16:35:04","date_gmt":"2025-03-26T16:35:04","guid":{"rendered":"https:\/\/www.futuraseo.com\/futuraseo\/?page_id=10937"},"modified":"2025-11-13T17:43:02","modified_gmt":"2025-11-13T17:43:02","slug":"ppspa","status":"publish","type":"page","link":"https:\/\/www.futuraseo.com\/futuraseo\/ppspa\/","title":{"rendered":"PPSPA"},"content":{"rendered":"\t\t<div data-elementor-type=\"wp-page\" data-elementor-id=\"10937\" class=\"elementor elementor-10937\">\n\t\t\t\t\t\t\t\t\t<section data-particle_enable=\"false\" data-particle-mobile-disabled=\"false\" class=\"elementor-section elementor-top-section elementor-element elementor-element-3adda15 ct-section-stretched elementor-section-full_width elementor-section-height-default elementor-section-height-default wpr-particle-no wpr-jarallax-no wpr-parallax-no wpr-sticky-section-no\" data-id=\"3adda15\" data-element_type=\"section\">\n\t\t\t\t\t\t<div class=\"elementor-container elementor-column-gap-default\">\n\t\t\t\t\t<div class=\"elementor-column elementor-col-100 elementor-top-column elementor-element elementor-element-5ad9f86\" data-id=\"5ad9f86\" data-element_type=\"column\">\n\t\t\t<div class=\"elementor-widget-wrap elementor-element-populated\">\n\t\t\t\t\t\t\t\t<div class=\"elementor-element elementor-element-e32e114 elementor-widget elementor-widget-shortcode\" data-id=\"e32e114\" data-element_type=\"widget\" data-widget_type=\"shortcode.default\">\n\t\t\t\t<div class=\"elementor-widget-container\">\n\t\t\t\t\t<div class=\"elementor-shortcode\"><\/div>\n\t\t\t\t<\/div>\n\t\t\t\t<\/div>\n\t\t\t\t\t<\/div>\n\t\t<\/div>\n\t\t\t\t\t\t\t<\/div>\n\t\t<\/section>\n\t\t\t\t<section data-particle_enable=\"false\" data-particle-mobile-disabled=\"false\" class=\"elementor-section elementor-top-section elementor-element elementor-element-350c3a3 elementor-section-boxed elementor-section-height-default elementor-section-height-default wpr-particle-no wpr-jarallax-no wpr-parallax-no wpr-sticky-section-no\" data-id=\"350c3a3\" data-element_type=\"section\">\n\t\t\t\t\t\t<div class=\"elementor-container elementor-column-gap-default\">\n\t\t\t\t\t<div class=\"elementor-column elementor-col-100 elementor-top-column elementor-element elementor-element-c858ba0\" data-id=\"c858ba0\" data-element_type=\"column\">\n\t\t\t<div class=\"elementor-widget-wrap elementor-element-populated\">\n\t\t\t\t\t\t\t\t<div class=\"elementor-element elementor-element-febd7a0 elementor-widget elementor-widget-image\" data-id=\"febd7a0\" data-element_type=\"widget\" data-widget_type=\"image.default\">\n\t\t\t\t<div class=\"elementor-widget-container\">\n\t\t\t\t\t\t\t\t\t\t\t\t\t\t\t<img loading=\"lazy\" decoding=\"async\" width=\"1024\" height=\"147\" src=\"https:\/\/www.futuraseo.com\/futuraseo\/wp-content\/uploads\/2025\/04\/BANNERURABA-1024x147.png\" class=\"attachment-large size-large\" alt=\"\" srcset=\"https:\/\/www.futuraseo.com\/futuraseo\/wp-content\/uploads\/2025\/04\/BANNERURABA-1024x147.png 1024w, https:\/\/www.futuraseo.com\/futuraseo\/wp-content\/uploads\/2025\/04\/BANNERURABA-300x43.png 300w, https:\/\/www.futuraseo.com\/futuraseo\/wp-content\/uploads\/2025\/04\/BANNERURABA-768x110.png 768w, https:\/\/www.futuraseo.com\/futuraseo\/wp-content\/uploads\/2025\/04\/BANNERURABA-1536x221.png 1536w, https:\/\/www.futuraseo.com\/futuraseo\/wp-content\/uploads\/2025\/04\/BANNERURABA-2048x295.png 2048w\" sizes=\"auto, (max-width: 1024px) 100vw, 1024px\" \/>\t\t\t\t\t\t\t\t\t\t\t\t\t\t\t<\/div>\n\t\t\t\t<\/div>\n\t\t\t\t\t<\/div>\n\t\t<\/div>\n\t\t\t\t\t\t\t<\/div>\n\t\t<\/section>\n\t\t\t\t<section data-particle_enable=\"false\" data-particle-mobile-disabled=\"false\" class=\"elementor-section elementor-top-section elementor-element elementor-element-cf1e329 elementor-section-boxed elementor-section-height-default elementor-section-height-default wpr-particle-no wpr-jarallax-no wpr-parallax-no wpr-sticky-section-no\" data-id=\"cf1e329\" data-element_type=\"section\">\n\t\t\t\t\t\t<div class=\"elementor-container elementor-column-gap-default\">\n\t\t\t\t\t<div class=\"elementor-column elementor-col-100 elementor-top-column elementor-element elementor-element-f45d41e\" data-id=\"f45d41e\" data-element_type=\"column\">\n\t\t\t<div class=\"elementor-widget-wrap elementor-element-populated\">\n\t\t\t\t\t\t\t\t<div class=\"elementor-element elementor-element-46a03ef wpr-advanced-accordion-icon-side-box elementor-widget elementor-widget-wpr-advanced-accordion\" data-id=\"46a03ef\" data-element_type=\"widget\" data-settings=\"{&quot;active_item&quot;:0}\" data-widget_type=\"wpr-advanced-accordion.default\">\n\t\t\t\t<div class=\"elementor-widget-container\">\n\t\t\t\n            <div class=\"wpr-advanced-accordion\" data-accordion-type=\"accordion\" data-active-index=\"0\" data-accordion-trigger=\"click\" data-interaction-speed=\"0.4\">\n\n\t\t\t\n                \n\t\t\t\t\t<div class=\"wpr-accordion-item-wrap\">\n\t\t\t\t\t\t<button class=\"wpr-acc-button\">\n\t\t\t\t\t\t\t<span class=\"wpr-acc-item-title\">\n\t\t\t\t\t\t\t\t\t\t\t\t\t\t\t\t\t<div class=\"wpr-acc-icon-box\">\n\t\t\t\t\t\t\t\t\t\t\t\t\t\t<span class=\"wpr-title-icon\">\n\t\t\t\t\t<i aria-hidden=\"true\" class=\"far fa-edit\"><\/i>\t\t\t\t<\/span>\n\t\t\t\t\t\t\t\t\t\t\t\t<\/div>\n\t\t\t\t\t\t\t\t\n\t\t\t\t\t\t\t\t<span class=\"wpr-acc-title-text\">APARTAD\u00d3<\/span>\n\t\t\t\t\t\t\t<\/span>\n\t\t\t\t\t\t\t\t\t\t\t<span class=\"wpr-toggle-icon wpr-ti-close\"><\/span>\n\t\t\t\t<span class=\"wpr-toggle-icon wpr-ti-open\"><\/span>\n\t\t\t\t\t\t\t\t\t<\/button>\n\n\t\t\t\t\t\t<div class=\"wpr-acc-panel\">\n\t\t\t\t\t\t\t\t\t\t\t\t\t\t\t<div class=\"wpr-acc-panel-content\"><p>PROGRAMA PARA LA PRESTACI\u00d3N DEL SERVICIO P\u00daBLICO DE ASEO <strong><a href=\"https:\/\/www.futuraseo.com\/futuraseo\/wp-content\/uploads\/2025\/03\/PPSPA-APARTADO.pdf\" target=\"_blank\" rel=\"noopener\">DESCARGAR<\/a><\/strong><\/p><\/div>\n\t\t\t\t\t\t\t\t\t\t\t\t\t<\/div>\n                    <\/div>\n\n                \n\t\t\t\t\t<div class=\"wpr-accordion-item-wrap\">\n\t\t\t\t\t\t<button class=\"wpr-acc-button\">\n\t\t\t\t\t\t\t<span class=\"wpr-acc-item-title\">\n\t\t\t\t\t\t\t\t\t\t\t\t\t\t\t\t\t<div class=\"wpr-acc-icon-box\">\n\t\t\t\t\t\t\t\t\t\t\t\t\t\t<span class=\"wpr-title-icon\">\n\t\t\t\t\t<i aria-hidden=\"true\" class=\"far fa-edit\"><\/i>\t\t\t\t<\/span>\n\t\t\t\t\t\t\t\t\t\t\t\t<\/div>\n\t\t\t\t\t\t\t\t\n\t\t\t\t\t\t\t\t<span class=\"wpr-acc-title-text\">TURBO<\/span>\n\t\t\t\t\t\t\t<\/span>\n\t\t\t\t\t\t\t\t\t\t\t<span class=\"wpr-toggle-icon wpr-ti-close\"><\/span>\n\t\t\t\t<span class=\"wpr-toggle-icon wpr-ti-open\"><\/span>\n\t\t\t\t\t\t\t\t\t<\/button>\n\n\t\t\t\t\t\t<div class=\"wpr-acc-panel\">\n\t\t\t\t\t\t\t\t\t\t\t\t\t\t\t<div class=\"wpr-acc-panel-content\"><p>PROGRAMA PARA LA PRESTACI\u00d3N DEL SERVICIO P\u00daBLICO DE ASEO <strong><a href=\"https:\/\/www.futuraseo.com\/futuraseo\/wp-content\/uploads\/2025\/03\/PPSPA-TURBO.pdf\" target=\"_blank\" rel=\"noopener\">DESCARGAR<\/a><\/strong><\/p><\/div>\n\t\t\t\t\t\t\t\t\t\t\t\t\t<\/div>\n                    <\/div>\n\n                \n\t\t\t\t\t<div class=\"wpr-accordion-item-wrap\">\n\t\t\t\t\t\t<button class=\"wpr-acc-button\">\n\t\t\t\t\t\t\t<span class=\"wpr-acc-item-title\">\n\t\t\t\t\t\t\t\t\t\t\t\t\t\t\t\t\t<div class=\"wpr-acc-icon-box\">\n\t\t\t\t\t\t\t\t\t\t\t\t\t\t<span class=\"wpr-title-icon\">\n\t\t\t\t\t<i aria-hidden=\"true\" class=\"far fa-edit\"><\/i>\t\t\t\t<\/span>\n\t\t\t\t\t\t\t\t\t\t\t\t<\/div>\n\t\t\t\t\t\t\t\t\n\t\t\t\t\t\t\t\t<span class=\"wpr-acc-title-text\">NECOCL\u00cd<\/span>\n\t\t\t\t\t\t\t<\/span>\n\t\t\t\t\t\t\t\t\t\t\t<span class=\"wpr-toggle-icon wpr-ti-close\"><\/span>\n\t\t\t\t<span class=\"wpr-toggle-icon wpr-ti-open\"><\/span>\n\t\t\t\t\t\t\t\t\t<\/button>\n\n\t\t\t\t\t\t<div class=\"wpr-acc-panel\">\n\t\t\t\t\t\t\t\t\t\t\t\t\t\t\t<div class=\"wpr-acc-panel-content\"><p>PROGRAMA PARA LA PRESTACI\u00d3N DEL SERVICIO P\u00daBLICO DE ASEO <strong><a href=\"https:\/\/www.futuraseo.com\/futuraseo\/wp-content\/uploads\/2025\/03\/PPSPA-NECOCLI.pdf\" target=\"_blank\" rel=\"noopener\">DESCARGAR<\/a><\/strong><\/p><\/div>\n\t\t\t\t\t\t\t\t\t\t\t\t\t<\/div>\n                    <\/div>\n\n                \n\t\t\t\t\t<div class=\"wpr-accordion-item-wrap\">\n\t\t\t\t\t\t<button class=\"wpr-acc-button\">\n\t\t\t\t\t\t\t<span class=\"wpr-acc-item-title\">\n\t\t\t\t\t\t\t\t\t\t\t\t\t\t\t\t\t<div class=\"wpr-acc-icon-box\">\n\t\t\t\t\t\t\t\t\t\t\t\t\t\t<span class=\"wpr-title-icon\">\n\t\t\t\t\t<i aria-hidden=\"true\" class=\"far fa-edit\"><\/i>\t\t\t\t<\/span>\n\t\t\t\t\t\t\t\t\t\t\t\t<\/div>\n\t\t\t\t\t\t\t\t\n\t\t\t\t\t\t\t\t<span class=\"wpr-acc-title-text\">SAN PEDRO<\/span>\n\t\t\t\t\t\t\t<\/span>\n\t\t\t\t\t\t\t\t\t\t\t<span class=\"wpr-toggle-icon wpr-ti-close\"><\/span>\n\t\t\t\t<span class=\"wpr-toggle-icon wpr-ti-open\"><\/span>\n\t\t\t\t\t\t\t\t\t<\/button>\n\n\t\t\t\t\t\t<div class=\"wpr-acc-panel\">\n\t\t\t\t\t\t\t\t\t\t\t\t\t\t\t<div class=\"wpr-acc-panel-content\"><p>PROGRAMA PARA LA PRESTACI\u00d3N DEL SERVICIO P\u00daBLICO DE ASEO <strong><a href=\"https:\/\/www.futuraseo.com\/futuraseo\/wp-content\/uploads\/2025\/03\/PPSPA-SAN-PEDRO-URABA.pdf\" target=\"_blank\" rel=\"noopener\">DESCARGAR<\/a><\/strong><\/p><\/div>\n\t\t\t\t\t\t\t\t\t\t\t\t\t<\/div>\n                    <\/div>\n\n                \n\t\t\t\t\t<div class=\"wpr-accordion-item-wrap\">\n\t\t\t\t\t\t<button class=\"wpr-acc-button\">\n\t\t\t\t\t\t\t<span class=\"wpr-acc-item-title\">\n\t\t\t\t\t\t\t\t\t\t\t\t\t\t\t\t\t<div class=\"wpr-acc-icon-box\">\n\t\t\t\t\t\t\t\t\t\t\t\t\t\t<span class=\"wpr-title-icon\">\n\t\t\t\t\t<i aria-hidden=\"true\" class=\"far fa-edit\"><\/i>\t\t\t\t<\/span>\n\t\t\t\t\t\t\t\t\t\t\t\t<\/div>\n\t\t\t\t\t\t\t\t\n\t\t\t\t\t\t\t\t<span class=\"wpr-acc-title-text\">ARBOLETES<\/span>\n\t\t\t\t\t\t\t<\/span>\n\t\t\t\t\t\t\t\t\t\t\t<span class=\"wpr-toggle-icon wpr-ti-close\"><\/span>\n\t\t\t\t<span class=\"wpr-toggle-icon wpr-ti-open\"><\/span>\n\t\t\t\t\t\t\t\t\t<\/button>\n\n\t\t\t\t\t\t<div class=\"wpr-acc-panel\">\n\t\t\t\t\t\t\t\t\t\t\t\t\t\t\t<div class=\"wpr-acc-panel-content\"><p>PROGRAMA PARA LA PRESTACI\u00d3N DEL SERVICIO P\u00daBLICO DE ASEO <strong><a href=\"https:\/\/www.futuraseo.com\/futuraseo\/wp-content\/uploads\/2025\/03\/PPSPA-ARBOLETES.pdf\" target=\"_blank\" rel=\"noopener\">DESCARGAR<\/a><\/strong><\/p><\/div>\n\t\t\t\t\t\t\t\t\t\t\t\t\t<\/div>\n                    <\/div>\n\n                \n\t\t\t\t\t<div class=\"wpr-accordion-item-wrap\">\n\t\t\t\t\t\t<button class=\"wpr-acc-button\">\n\t\t\t\t\t\t\t<span class=\"wpr-acc-item-title\">\n\t\t\t\t\t\t\t\t\t\t\t\t\t\t\t\t\t<div class=\"wpr-acc-icon-box\">\n\t\t\t\t\t\t\t\t\t\t\t\t\t\t<span class=\"wpr-title-icon\">\n\t\t\t\t\t<i aria-hidden=\"true\" class=\"far fa-edit\"><\/i>\t\t\t\t<\/span>\n\t\t\t\t\t\t\t\t\t\t\t\t<\/div>\n\t\t\t\t\t\t\t\t\n\t\t\t\t\t\t\t\t<span class=\"wpr-acc-title-text\">SAN JUAN <\/span>\n\t\t\t\t\t\t\t<\/span>\n\t\t\t\t\t\t\t\t\t\t\t<span class=\"wpr-toggle-icon wpr-ti-close\"><\/span>\n\t\t\t\t<span class=\"wpr-toggle-icon wpr-ti-open\"><\/span>\n\t\t\t\t\t\t\t\t\t<\/button>\n\n\t\t\t\t\t\t<div class=\"wpr-acc-panel\">\n\t\t\t\t\t\t\t\t\t\t\t\t\t\t\t<div class=\"wpr-acc-panel-content\"><p>PROGRAMA PARA LA PRESTACI\u00d3N DEL SERVICIO P\u00daBLICO DE ASEO <strong><a href=\"https:\/\/www.futuraseo.com\/futuraseo\/wp-content\/uploads\/2025\/03\/PPSPA-SAN-JUAN.pdf\" target=\"_blank\" rel=\"noopener\">DESCARGAR<\/a><\/strong><\/p><\/div>\n\t\t\t\t\t\t\t\t\t\t\t\t\t<\/div>\n                    <\/div>\n\n                \n\t\t\t\t\t<div class=\"wpr-accordion-item-wrap\">\n\t\t\t\t\t\t<button class=\"wpr-acc-button\">\n\t\t\t\t\t\t\t<span class=\"wpr-acc-item-title\">\n\t\t\t\t\t\t\t\t\t\t\t\t\t\t\t\t\t<div class=\"wpr-acc-icon-box\">\n\t\t\t\t\t\t\t\t\t\t\t\t\t\t<span class=\"wpr-title-icon\">\n\t\t\t\t\t<i aria-hidden=\"true\" class=\"far fa-edit\"><\/i>\t\t\t\t<\/span>\n\t\t\t\t\t\t\t\t\t\t\t\t<\/div>\n\t\t\t\t\t\t\t\t\n\t\t\t\t\t\t\t\t<span class=\"wpr-acc-title-text\">MUTAT\u00c1<\/span>\n\t\t\t\t\t\t\t<\/span>\n\t\t\t\t\t\t\t\t\t\t\t<span class=\"wpr-toggle-icon wpr-ti-close\"><\/span>\n\t\t\t\t<span class=\"wpr-toggle-icon wpr-ti-open\"><\/span>\n\t\t\t\t\t\t\t\t\t<\/button>\n\n\t\t\t\t\t\t<div class=\"wpr-acc-panel\">\n\t\t\t\t\t\t\t\t\t\t\t\t\t\t\t<div class=\"wpr-acc-panel-content\"><p>PROGRAMA PARA LA PRESTACI\u00d3N DEL SERVICIO P\u00daBLICO DE ASEO <strong><a href=\"https:\/\/www.futuraseo.com\/futuraseo\/wp-content\/uploads\/2025\/03\/PPSPA-MUTATA.pdf\" target=\"_blank\" rel=\"noopener\">DESCARGAR<\/a><\/strong>\u00a0<\/p><\/div>\n\t\t\t\t\t\t\t\t\t\t\t\t\t<\/div>\n                    <\/div>\n\n                \n\t\t\t\t\t<div class=\"wpr-accordion-item-wrap\">\n\t\t\t\t\t\t<button class=\"wpr-acc-button\">\n\t\t\t\t\t\t\t<span class=\"wpr-acc-item-title\">\n\t\t\t\t\t\t\t\t\t\t\t\t\t\t\t\t\t<div class=\"wpr-acc-icon-box\">\n\t\t\t\t\t\t\t\t\t\t\t\t\t\t<span class=\"wpr-title-icon\">\n\t\t\t\t\t<i aria-hidden=\"true\" class=\"far fa-edit\"><\/i>\t\t\t\t<\/span>\n\t\t\t\t\t\t\t\t\t\t\t\t<\/div>\n\t\t\t\t\t\t\t\t\n\t\t\t\t\t\t\t\t<span class=\"wpr-acc-title-text\">NUEVO BEL\u00c9N DE BAJIRA<\/span>\n\t\t\t\t\t\t\t<\/span>\n\t\t\t\t\t\t\t\t\t\t\t<span class=\"wpr-toggle-icon wpr-ti-close\"><\/span>\n\t\t\t\t<span class=\"wpr-toggle-icon wpr-ti-open\"><\/span>\n\t\t\t\t\t\t\t\t\t<\/button>\n\n\t\t\t\t\t\t<div class=\"wpr-acc-panel\">\n\t\t\t\t\t\t\t\t\t\t\t\t\t\t\t<div class=\"wpr-acc-panel-content\"><p>PROGRAMA PARA LA PRESTACI\u00d3N DEL SERVICIO P\u00daBLICO DE ASEO <strong><a href=\"https:\/\/www.futuraseo.com\/futuraseo\/ppspa-belen-de-bajira-2025\/\" target=\"_blank\" rel=\"noopener\">DESCARGAR<\/a><\/strong>\u00a0<\/p><\/div>\n\t\t\t\t\t\t\t\t\t\t\t\t\t<\/div>\n                    <\/div>\n\n                            <\/div>\n        \t\t<\/div>\n\t\t\t\t<\/div>\n\t\t\t\t\t<\/div>\n\t\t<\/div>\n\t\t\t\t\t\t\t<\/div>\n\t\t<\/section>\n\t\t\t\t<section data-particle_enable=\"false\" data-particle-mobile-disabled=\"false\" class=\"elementor-section elementor-top-section elementor-element elementor-element-aa70dda elementor-section-boxed elementor-section-height-default elementor-section-height-default wpr-particle-no wpr-jarallax-no wpr-parallax-no wpr-sticky-section-no\" data-id=\"aa70dda\" data-element_type=\"section\">\n\t\t\t\t\t\t<div class=\"elementor-container elementor-column-gap-default\">\n\t\t\t\t\t<div class=\"elementor-column elementor-col-100 elementor-top-column elementor-element elementor-element-4769b93\" data-id=\"4769b93\" data-element_type=\"column\">\n\t\t\t<div class=\"elementor-widget-wrap\">\n\t\t\t\t\t\t\t\t\t<\/div>\n\t\t<\/div>\n\t\t\t\t\t\t\t<\/div>\n\t\t<\/section>\n\t\t\t\t<section data-particle_enable=\"false\" data-particle-mobile-disabled=\"false\" class=\"elementor-section elementor-top-section elementor-element elementor-element-40a4dd9 elementor-section-boxed elementor-section-height-default elementor-section-height-default wpr-particle-no wpr-jarallax-no wpr-parallax-no wpr-sticky-section-no\" data-id=\"40a4dd9\" data-element_type=\"section\">\n\t\t\t\t\t\t<div class=\"elementor-container elementor-column-gap-default\">\n\t\t\t\t\t<div class=\"elementor-column elementor-col-100 elementor-top-column elementor-element elementor-element-f779e55\" data-id=\"f779e55\" data-element_type=\"column\">\n\t\t\t<div class=\"elementor-widget-wrap elementor-element-populated\">\n\t\t\t\t\t\t\t\t<div class=\"elementor-element elementor-element-2af7114 elementor-widget elementor-widget-image\" data-id=\"2af7114\" data-element_type=\"widget\" data-widget_type=\"image.default\">\n\t\t\t\t<div class=\"elementor-widget-container\">\n\t\t\t\t\t\t\t\t\t\t\t\t\t\t\t<img loading=\"lazy\" decoding=\"async\" width=\"1024\" height=\"147\" src=\"https:\/\/www.futuraseo.com\/futuraseo\/wp-content\/uploads\/2025\/03\/BANNER-BAJO-1024x147.png\" class=\"attachment-large size-large\" alt=\"\" srcset=\"https:\/\/www.futuraseo.com\/futuraseo\/wp-content\/uploads\/2025\/03\/BANNER-BAJO-1024x147.png 1024w, https:\/\/www.futuraseo.com\/futuraseo\/wp-content\/uploads\/2025\/03\/BANNER-BAJO-300x43.png 300w, https:\/\/www.futuraseo.com\/futuraseo\/wp-content\/uploads\/2025\/03\/BANNER-BAJO-768x110.png 768w, https:\/\/www.futuraseo.com\/futuraseo\/wp-content\/uploads\/2025\/03\/BANNER-BAJO-1536x221.png 1536w, https:\/\/www.futuraseo.com\/futuraseo\/wp-content\/uploads\/2025\/03\/BANNER-BAJO-2048x295.png 2048w\" sizes=\"auto, (max-width: 1024px) 100vw, 1024px\" \/>\t\t\t\t\t\t\t\t\t\t\t\t\t\t\t<\/div>\n\t\t\t\t<\/div>\n\t\t\t\t<div class=\"elementor-element elementor-element-21b5932 wpr-advanced-accordion-icon-side-box elementor-widget elementor-widget-wpr-advanced-accordion\" data-id=\"21b5932\" data-element_type=\"widget\" data-settings=\"{&quot;active_item&quot;:0}\" data-widget_type=\"wpr-advanced-accordion.default\">\n\t\t\t\t<div class=\"elementor-widget-container\">\n\t\t\t\n            <div class=\"wpr-advanced-accordion\" data-accordion-type=\"accordion\" data-active-index=\"0\" data-accordion-trigger=\"click\" data-interaction-speed=\"0.4\">\n\n\t\t\t\n                \n\t\t\t\t\t<div class=\"wpr-accordion-item-wrap\">\n\t\t\t\t\t\t<button class=\"wpr-acc-button\">\n\t\t\t\t\t\t\t<span class=\"wpr-acc-item-title\">\n\t\t\t\t\t\t\t\t\t\t\t\t\t\t\t\t\t<div class=\"wpr-acc-icon-box\">\n\t\t\t\t\t\t\t\t\t\t\t\t\t\t<span class=\"wpr-title-icon\">\n\t\t\t\t\t<i aria-hidden=\"true\" class=\"far fa-edit\"><\/i>\t\t\t\t<\/span>\n\t\t\t\t\t\t\t\t\t\t\t\t<\/div>\n\t\t\t\t\t\t\t\t\n\t\t\t\t\t\t\t\t<span class=\"wpr-acc-title-text\">CAUCASIA<\/span>\n\t\t\t\t\t\t\t<\/span>\n\t\t\t\t\t\t\t\t\t\t\t<span class=\"wpr-toggle-icon wpr-ti-close\"><\/span>\n\t\t\t\t<span class=\"wpr-toggle-icon wpr-ti-open\"><\/span>\n\t\t\t\t\t\t\t\t\t<\/button>\n\n\t\t\t\t\t\t<div class=\"wpr-acc-panel\">\n\t\t\t\t\t\t\t\t\t\t\t\t\t\t\t<div class=\"wpr-acc-panel-content\"><p>PROGRAMA PARA LA PRESTACI\u00d3N DEL SERVICIO P\u00daBLICO DE ASEO <strong><a href=\"https:\/\/www.futuraseo.com\/futuraseo\/wp-content\/uploads\/2025\/03\/PPSPA-CAUCASIA.pdf\" target=\"_blank\" rel=\"noopener\">DESCARGAR<\/a><\/strong><\/p><\/div>\n\t\t\t\t\t\t\t\t\t\t\t\t\t<\/div>\n                    <\/div>\n\n                \n\t\t\t\t\t<div class=\"wpr-accordion-item-wrap\">\n\t\t\t\t\t\t<button class=\"wpr-acc-button\">\n\t\t\t\t\t\t\t<span class=\"wpr-acc-item-title\">\n\t\t\t\t\t\t\t\t\t\t\t\t\t\t\t\t\t<div class=\"wpr-acc-icon-box\">\n\t\t\t\t\t\t\t\t\t\t\t\t\t\t<span class=\"wpr-title-icon\">\n\t\t\t\t\t<i aria-hidden=\"true\" class=\"far fa-edit\"><\/i>\t\t\t\t<\/span>\n\t\t\t\t\t\t\t\t\t\t\t\t<\/div>\n\t\t\t\t\t\t\t\t\n\t\t\t\t\t\t\t\t<span class=\"wpr-acc-title-text\">CACERES<\/span>\n\t\t\t\t\t\t\t<\/span>\n\t\t\t\t\t\t\t\t\t\t\t<span class=\"wpr-toggle-icon wpr-ti-close\"><\/span>\n\t\t\t\t<span class=\"wpr-toggle-icon wpr-ti-open\"><\/span>\n\t\t\t\t\t\t\t\t\t<\/button>\n\n\t\t\t\t\t\t<div class=\"wpr-acc-panel\">\n\t\t\t\t\t\t\t\t\t\t\t\t\t\t\t<div class=\"wpr-acc-panel-content\"><p>PROGRAMA PARA LA PRESTACI\u00d3N DEL SERVICIO P\u00daBLICO DE ASEO <strong><a href=\"https:\/\/www.futuraseo.com\/futuraseo\/wp-content\/uploads\/2025\/03\/PPSPA-CACERES.pdf\" target=\"_blank\" rel=\"noopener\">DESCARGAR<\/a><\/strong><\/p><\/div>\n\t\t\t\t\t\t\t\t\t\t\t\t\t<\/div>\n                    <\/div>\n\n                \n\t\t\t\t\t<div class=\"wpr-accordion-item-wrap\">\n\t\t\t\t\t\t<button class=\"wpr-acc-button\">\n\t\t\t\t\t\t\t<span class=\"wpr-acc-item-title\">\n\t\t\t\t\t\t\t\t\t\t\t\t\t\t\t\t\t<div class=\"wpr-acc-icon-box\">\n\t\t\t\t\t\t\t\t\t\t\t\t\t\t<span class=\"wpr-title-icon\">\n\t\t\t\t\t<i aria-hidden=\"true\" class=\"far fa-edit\"><\/i>\t\t\t\t<\/span>\n\t\t\t\t\t\t\t\t\t\t\t\t<\/div>\n\t\t\t\t\t\t\t\t\n\t\t\t\t\t\t\t\t<span class=\"wpr-acc-title-text\">ZARAGOZA<\/span>\n\t\t\t\t\t\t\t<\/span>\n\t\t\t\t\t\t\t\t\t\t\t<span class=\"wpr-toggle-icon wpr-ti-close\"><\/span>\n\t\t\t\t<span class=\"wpr-toggle-icon wpr-ti-open\"><\/span>\n\t\t\t\t\t\t\t\t\t<\/button>\n\n\t\t\t\t\t\t<div class=\"wpr-acc-panel\">\n\t\t\t\t\t\t\t\t\t\t\t\t\t\t\t<div class=\"wpr-acc-panel-content\"><p>PROGRAMA PARA LA PRESTACI\u00d3N DEL SERVICIO P\u00daBLICO DE ASEO <strong><a href=\"https:\/\/www.futuraseo.com\/futuraseo\/wp-content\/uploads\/2025\/03\/PPSPA-ZARAGOZA.pdf\" target=\"_blank\" rel=\"noopener\">DESCARGAR<\/a><\/strong><\/p><\/div>\n\t\t\t\t\t\t\t\t\t\t\t\t\t<\/div>\n                    <\/div>\n\n                \n\t\t\t\t\t<div class=\"wpr-accordion-item-wrap\">\n\t\t\t\t\t\t<button class=\"wpr-acc-button\">\n\t\t\t\t\t\t\t<span class=\"wpr-acc-item-title\">\n\t\t\t\t\t\t\t\t\t\t\t\t\t\t\t\t\t<div class=\"wpr-acc-icon-box\">\n\t\t\t\t\t\t\t\t\t\t\t\t\t\t<span class=\"wpr-title-icon\">\n\t\t\t\t\t<i aria-hidden=\"true\" class=\"far fa-edit\"><\/i>\t\t\t\t<\/span>\n\t\t\t\t\t\t\t\t\t\t\t\t<\/div>\n\t\t\t\t\t\t\t\t\n\t\t\t\t\t\t\t\t<span class=\"wpr-acc-title-text\">TARAZA<\/span>\n\t\t\t\t\t\t\t<\/span>\n\t\t\t\t\t\t\t\t\t\t\t<span class=\"wpr-toggle-icon wpr-ti-close\"><\/span>\n\t\t\t\t<span class=\"wpr-toggle-icon wpr-ti-open\"><\/span>\n\t\t\t\t\t\t\t\t\t<\/button>\n\n\t\t\t\t\t\t<div class=\"wpr-acc-panel\">\n\t\t\t\t\t\t\t\t\t\t\t\t\t\t\t<div class=\"wpr-acc-panel-content\"><p>PROGRAMA PARA LA PRESTACI\u00d3N DEL SERVICIO P\u00daBLICO DE ASEO <strong><a href=\"https:\/\/www.futuraseo.com\/futuraseo\/wp-content\/uploads\/2025\/03\/PPSPA-TARAZA.pdf\" target=\"_blank\" rel=\"noopener\">DESCARGAR<\/a><\/strong><\/p><\/div>\n\t\t\t\t\t\t\t\t\t\t\t\t\t<\/div>\n                    <\/div>\n\n                \n\t\t\t\t\t<div class=\"wpr-accordion-item-wrap\">\n\t\t\t\t\t\t<button class=\"wpr-acc-button\">\n\t\t\t\t\t\t\t<span class=\"wpr-acc-item-title\">\n\t\t\t\t\t\t\t\t\t\t\t\t\t\t\t\t\t<div class=\"wpr-acc-icon-box\">\n\t\t\t\t\t\t\t\t\t\t\t\t\t\t<span class=\"wpr-title-icon\">\n\t\t\t\t\t<i aria-hidden=\"true\" class=\"far fa-edit\"><\/i>\t\t\t\t<\/span>\n\t\t\t\t\t\t\t\t\t\t\t\t<\/div>\n\t\t\t\t\t\t\t\t\n\t\t\t\t\t\t\t\t<span class=\"wpr-acc-title-text\">NECH\u00cd<\/span>\n\t\t\t\t\t\t\t<\/span>\n\t\t\t\t\t\t\t\t\t\t\t<span class=\"wpr-toggle-icon wpr-ti-close\"><\/span>\n\t\t\t\t<span class=\"wpr-toggle-icon wpr-ti-open\"><\/span>\n\t\t\t\t\t\t\t\t\t<\/button>\n\n\t\t\t\t\t\t<div class=\"wpr-acc-panel\">\n\t\t\t\t\t\t\t\t\t\t\t\t\t\t\t<div class=\"wpr-acc-panel-content\"><p>PROGRAMA PARA LA PRESTACI\u00d3N DEL SERVICIO P\u00daBLICO DE ASEO <strong><a href=\"https:\/\/www.futuraseo.com\/futuraseo\/wp-content\/uploads\/2025\/03\/PPSPA-NECHI.pdf\" target=\"_blank\" rel=\"noopener\">DESCARGAR<\/a><\/strong><\/p><\/div>\n\t\t\t\t\t\t\t\t\t\t\t\t\t<\/div>\n                    <\/div>\n\n                            <\/div>\n        \t\t<\/div>\n\t\t\t\t<\/div>\n\t\t\t\t\t<\/div>\n\t\t<\/div>\n\t\t\t\t\t\t\t<\/div>\n\t\t<\/section>\n\t\t\t\t<section data-particle_enable=\"false\" data-particle-mobile-disabled=\"false\" class=\"elementor-section elementor-top-section elementor-element elementor-element-73ac774 elementor-section-boxed elementor-section-height-default elementor-section-height-default wpr-particle-no wpr-jarallax-no wpr-parallax-no wpr-sticky-section-no\" data-id=\"73ac774\" data-element_type=\"section\">\n\t\t\t\t\t\t<div class=\"elementor-container elementor-column-gap-default\">\n\t\t\t\t\t<div class=\"elementor-column elementor-col-100 elementor-top-column elementor-element elementor-element-7f96101\" data-id=\"7f96101\" data-element_type=\"column\">\n\t\t\t<div class=\"elementor-widget-wrap elementor-element-populated\">\n\t\t\t\t\t\t\t\t<div class=\"elementor-element elementor-element-d827cc0 elementor-widget elementor-widget-image\" data-id=\"d827cc0\" data-element_type=\"widget\" data-widget_type=\"image.default\">\n\t\t\t\t<div class=\"elementor-widget-container\">\n\t\t\t\t\t\t\t\t\t\t\t\t\t\t\t<img loading=\"lazy\" decoding=\"async\" width=\"768\" height=\"199\" src=\"https:\/\/www.futuraseo.com\/futuraseo\/wp-content\/uploads\/2024\/10\/Logo-actualizado-1-1-768x199.png\" class=\"attachment-medium_large size-medium_large\" alt=\"\" srcset=\"https:\/\/www.futuraseo.com\/futuraseo\/wp-content\/uploads\/2024\/10\/Logo-actualizado-1-1-768x199.png 768w, https:\/\/www.futuraseo.com\/futuraseo\/wp-content\/uploads\/2024\/10\/Logo-actualizado-1-1-600x155.png 600w, https:\/\/www.futuraseo.com\/futuraseo\/wp-content\/uploads\/2024\/10\/Logo-actualizado-1-1-300x78.png 300w, https:\/\/www.futuraseo.com\/futuraseo\/wp-content\/uploads\/2024\/10\/Logo-actualizado-1-1-1024x265.png 1024w, https:\/\/www.futuraseo.com\/futuraseo\/wp-content\/uploads\/2024\/10\/Logo-actualizado-1-1-1536x398.png 1536w, https:\/\/www.futuraseo.com\/futuraseo\/wp-content\/uploads\/2024\/10\/Logo-actualizado-1-1.png 2000w\" sizes=\"auto, (max-width: 768px) 100vw, 768px\" \/>\t\t\t\t\t\t\t\t\t\t\t\t\t\t\t<\/div>\n\t\t\t\t<\/div>\n\t\t\t\t\t<\/div>\n\t\t<\/div>\n\t\t\t\t\t\t\t<\/div>\n\t\t<\/section>\n\t\t\t\t\t\t\t<\/div>\n\t\t","protected":false},"excerpt":{"rendered":"<p>APARTAD\u00d3 PROGRAMA PARA LA PRESTACI\u00d3N DEL SERVICIO P\u00daBLICO DE ASEO DESCARGAR TURBO PROGRAMA PARA LA PRESTACI\u00d3N DEL SERVICIO P\u00daBLICO DE ASEO DESCARGAR NECOCL\u00cd PROGRAMA PARA LA PRESTACI\u00d3N DEL SERVICIO P\u00daBLICO DE ASEO DESCARGAR SAN PEDRO PROGRAMA PARA LA PRESTACI\u00d3N DEL SERVICIO P\u00daBLICO DE ASEO DESCARGAR ARBOLETES PROGRAMA PARA LA PRESTACI\u00d3N DEL SERVICIO P\u00daBLICO DE ASEO DESCARGAR SAN JUAN PROGRAMA PARA LA PRESTACI\u00d3N DEL SERVICIO P\u00daBLICO DE ASEO DESCARGAR MUTAT\u00c1 PROGRAMA PARA LA PRESTACI\u00d3N DEL SERVICIO P\u00daBLICO DE ASEO DESCARGAR\u00a0 NUEVO BEL\u00c9N DE BAJIRA PROGRAMA PARA LA PRESTACI\u00d3N DEL SERVICIO P\u00daBLICO DE ASEO DESCARGAR\u00a0 CAUCASIA PROGRAMA PARA LA PRESTACI\u00d3N DEL SERVICIO P\u00daBLICO DE ASEO DESCARGAR CACERES PROGRAMA PARA LA PRESTACI\u00d3N DEL SERVICIO P\u00daBLICO DE ASEO DESCARGAR ZARAGOZA PROGRAMA PARA LA PRESTACI\u00d3N DEL SERVICIO P\u00daBLICO DE ASEO DESCARGAR TARAZA PROGRAMA PARA LA PRESTACI\u00d3N DEL SERVICIO P\u00daBLICO DE ASEO DESCARGAR NECH\u00cd PROGRAMA PARA LA PRESTACI\u00d3N DEL SERVICIO P\u00daBLICO DE ASEO DESCARGAR<\/p>\n","protected":false},"author":1,"featured_media":0,"parent":0,"menu_order":0,"comment_status":"closed","ping_status":"closed","template":"","meta":{"_mi_skip_tracking":false,"_monsterinsights_sitenote_active":false,"_monsterinsights_sitenote_note":"","_monsterinsights_sitenote_category":0,"footnotes":""},"class_list":["post-10937","page","type-page","status-publish","hentry"],"blocksy_meta":[],"_links":{"self":[{"href":"https:\/\/www.futuraseo.com\/futuraseo\/wp-json\/wp\/v2\/pages\/10937","targetHints":{"allow":["GET"]}}],"collection":[{"href":"https:\/\/www.futuraseo.com\/futuraseo\/wp-json\/wp\/v2\/pages"}],"about":[{"href":"https:\/\/www.futuraseo.com\/futuraseo\/wp-json\/wp\/v2\/types\/page"}],"author":[{"embeddable":true,"href":"https:\/\/www.futuraseo.com\/futuraseo\/wp-json\/wp\/v2\/users\/1"}],"replies":[{"embeddable":true,"href":"https:\/\/www.futuraseo.com\/futuraseo\/wp-json\/wp\/v2\/comments?post=10937"}],"version-history":[{"count":41,"href":"https:\/\/www.futuraseo.com\/futuraseo\/wp-json\/wp\/v2\/pages\/10937\/revisions"}],"predecessor-version":[{"id":11498,"href":"https:\/\/www.futuraseo.com\/futuraseo\/wp-json\/wp\/v2\/pages\/10937\/revisions\/11498"}],"wp:attachment":[{"href":"https:\/\/www.futuraseo.com\/futuraseo\/wp-json\/wp\/v2\/media?parent=10937"}],"curies":[{"name":"wp","href":"https:\/\/api.w.org\/{rel}","templated":true}]}}